{"id":24,"date":"2023-03-15T21:39:38","date_gmt":"2023-03-15T21:39:38","guid":{"rendered":"https:\/\/ramostec.com.br\/wp\/?page_id=24"},"modified":"2023-10-02T22:57:34","modified_gmt":"2023-10-02T22:57:34","slug":"quem-somos","status":"publish","type":"page","link":"http:\/\/ramostec.com.br\/wp\/quem-somos\/","title":{"rendered":"Quem Somos"},"content":{"rendered":"\n<p>Somos uma empresa focada em qualidade e acertividade em atendimentos sejam em assist\u00eanncias t\u00e9cnicas em garantias, manuten\u00e7\u00f5es preventivas ou corretivas e vendas e instala\u00e7\u00f5es de pe\u00e7as.<\/p>\n\n\n\n<p>Equipe credenciada e capacitada em treinamentos diretamente com os fabricantes, criando assim padroniza\u00e7\u00e3o nos atendimentos.<\/p>\n\n\n\n<p>Com mais de 18 anos de experiencia no ramo de assist\u00eancia t\u00e9cnica, n\u00f3s somos autorizados das maiores marcas de tanquinhos, maquinas de lavar, coifas e filtros de agua do mercado<\/p>\n\n\n\n<p>Somos autorizados: NewMaq \/Colormaq \/Suggar \/Praxis<br>Fazemos manuten\u00e7\u00e3o e conserto de linha e somos especializados LG, Samsung e Electrolux.<\/p>\n\n\n\n<p>Ramostec a servi\u00e7o da sua comodidade!<\/p>\n\n\n\n<p>Entre em contato conosco &#8211; <a href=\"https:\/\/ramostec.com.br\/wp\/contato\/\" data-type=\"page\" data-id=\"9\">Clique aqui<\/a><\/p>\n","protected":false},"excerpt":{"rendered":"<p>Somos uma empresa focada em qualidade e acertividade em atendimentos sejam em assist\u00eanncias t\u00e9cnicas em garantias, manuten\u00e7\u00f5es preventivas ou corretivas e vendas e instala\u00e7\u00f5es de pe\u00e7as. Equipe credenciada e capacitada em treinamentos diretamente com os fabricantes, criando assim padroniza\u00e7\u00e3o nos atendimentos. Com mais de 18 anos de experiencia no ramo de assist\u00eancia t\u00e9cnica, n\u00f3s somos&hellip;<\/p>\n<p class=\"more-link\"><a href=\"http:\/\/ramostec.com.br\/wp\/quem-somos\/\" class=\"themebutton2\">Read More<\/a><\/p>\n","protected":false},"author":1,"featured_media":0,"parent":0,"menu_order":0,"comment_status":"closed","ping_status":"closed","template":"","meta":{"footnotes":""},"class_list":["post-24","page","type-page","status-publish","hentry"],"_links":{"self":[{"href":"http:\/\/ramostec.com.br\/wp\/wp-json\/wp\/v2\/pages\/24","targetHints":{"allow":["GET"]}}],"collection":[{"href":"http:\/\/ramostec.com.br\/wp\/wp-json\/wp\/v2\/pages"}],"about":[{"href":"http:\/\/ramostec.com.br\/wp\/wp-json\/wp\/v2\/types\/page"}],"author":[{"embeddable":true,"href":"http:\/\/ramostec.com.br\/wp\/wp-json\/wp\/v2\/users\/1"}],"replies":[{"embeddable":true,"href":"http:\/\/ramostec.com.br\/wp\/wp-json\/wp\/v2\/comments?post=24"}],"version-history":[{"count":8,"href":"http:\/\/ramostec.com.br\/wp\/wp-json\/wp\/v2\/pages\/24\/revisions"}],"predecessor-version":[{"id":108,"href":"http:\/\/ramostec.com.br\/wp\/wp-json\/wp\/v2\/pages\/24\/revisions\/108"}],"wp:attachment":[{"href":"http:\/\/ramostec.com.br\/wp\/wp-json\/wp\/v2\/media?parent=24"}],"curies":[{"name":"wp","href":"https:\/\/api.w.org\/{rel}","templated":true}]}}